{"id":18,"date":"2020-04-15T15:47:35","date_gmt":"2020-04-15T18:47:35","guid":{"rendered":"http:\/\/192.168.25.222\/cardio1\/?page_id=18"},"modified":"2020-04-23T17:34:19","modified_gmt":"2020-04-23T20:34:19","slug":"ecg-eletrocardiograma-convencional-de-12-derivacoes","status":"publish","type":"page","link":"https:\/\/www.cardiodiagnostico.com.br\/index.php\/exames-e-preparos\/ecg-eletrocardiograma-convencional-de-12-derivacoes\/","title":{"rendered":"Eletrocardiograma convencional de 12 deriva\u00e7\u00f5es (ECG)"},"content":{"rendered":"\n<p class=\"alert alert-info\"><i class=\"fas fa-info-circle\"><\/i> N\u00e3o h\u00e1 nenhum tipo de preparo para este exame<\/p>\n\n\n\n<h5>O que \u00e9<\/h5>\n\n\n\n<p>\u00c9 um dos exames mais <strong>r\u00e1pidos e simples<\/strong> de ser realizado. O Eletrocardiograma ou ECG \u00e9 o <strong>registro gr\u00e1fico da atividade el\u00e9trica do cora\u00e7\u00e3o<\/strong>, realizado em aparelho chamado eletrocardi\u00f3grafo.<\/p>\n\n\n\n<h5>Como \u00e9 feito<\/h5>\n\n\n\n<p>O paciente permanece deitado, em repouso, enquanto \u00e9 aplicado gel condutor (para evitar interfer\u00eancias durante o exame) em pontos do t\u00f3rax, punhos e tornozelos. Em seguida, colocam-se os eletrodos nesses locais e procede-se ao registro do eletrocardiograma, com o paciente mantendo-se o mais relaxado poss\u00edvel.<\/p>\n\n\n\n<h5>Objetivos do exame<\/h5>\n\n\n\n<p>O exame \u00e9 utilizado <strong>sempre que se deseja avaliar a fun\u00e7\u00e3o card\u00edaca<\/strong>. Hoje o ECG \u00e9 parte integrante de uma consulta cardiol\u00f3gica, especialmente numa primeira consulta.<\/p>\n\n\n\n<h5>Indica\u00e7\u00f5es<\/h5>\n\n\n\n<ul class=\"list-unstyled\"><li><i class=\"fas fa-check\"><\/i> Analisar o ritmo card\u00edaco<\/li><li><i class=\"fas fa-check\"><\/i> Avaliar a condu\u00e7\u00e3o do est\u00edmulo atrav\u00e9s do sistema de condu\u00e7\u00e3o do cora\u00e7\u00e3o e das suas cavidades<\/li><li><i class=\"fas fa-check\"><\/i> Avaliar a integridade ou anormalidades do sistema de condu\u00e7\u00e3o<\/li><li><i class=\"fas fa-check\"><\/i> Detectar eventuais sobrecargas das cavidades card\u00edacas e zonas correspondentes \u00e0 aus\u00eancia de atividade el\u00e9trica.<\/li><\/ul>\n\n\n\n<h5>Contraindica\u00e7\u00f5es<\/h5>\n\n\n\n<ul class=\"list-unstyled\"><li><i class=\"fas fa-exclamation\"><\/i> Pacientes em que n\u00e3o se consiga colocar os eletrodos para o registro<\/li><li><i class=\"fas fa-exclamation\"><\/i> Pacientes incapazes de permanecer em repouso para sua execu\u00e7\u00e3o<\/li><\/ul>\n\n\n\n<p class=\"has-small-font-size\"><strong>Refer\u00eancias:<\/strong> Diretriz dos Equipamentos e T\u00e9cnicas de Exame para a Realiza\u00e7\u00e3o de Exames de Eletrocardiografia de Repouso &#8211; Novas Diretrizes (<a href=\"http:\/\/www.cardiol.br\" target=\"_blank\" rel=\"noreferrer noopener\">www.cardiol.br<\/a>).<\/p>\n","protected":false},"excerpt":{"rendered":"<p>O que \u00e9 \u00c9 um dos exames mais r\u00e1pidos e simples de ser realizado. O Eletrocardiograma ou ECG \u00e9 o registro gr\u00e1fico da atividade el\u00e9trica do cora\u00e7\u00e3o, realizado em aparelho chamado eletrocardi\u00f3grafo. Como \u00e9 feito O paciente permanece deitado, em repouso, enquanto \u00e9 aplicado gel condutor (para evitar interfer\u00eancias durante o exame) em pontos do t\u00f3rax, punhos e tornozelos. Em [&hellip;]<\/p>\n","protected":false},"author":1,"featured_media":0,"parent":9,"menu_order":0,"comment_status":"closed","ping_status":"closed","template":"exame-detalhes.php","meta":[],"_links":{"self":[{"href":"https:\/\/www.cardiodiagnostico.com.br\/index.php\/wp-json\/wp\/v2\/pages\/18"}],"collection":[{"href":"https:\/\/www.cardiodiagnostico.com.br\/index.php\/wp-json\/wp\/v2\/pages"}],"about":[{"href":"https:\/\/www.cardiodiagnostico.com.br\/index.php\/wp-json\/wp\/v2\/types\/page"}],"author":[{"embeddable":true,"href":"https:\/\/www.cardiodiagnostico.com.br\/index.php\/wp-json\/wp\/v2\/users\/1"}],"replies":[{"embeddable":true,"href":"https:\/\/www.cardiodiagnostico.com.br\/index.php\/wp-json\/wp\/v2\/comments?post=18"}],"version-history":[{"count":17,"href":"https:\/\/www.cardiodiagnostico.com.br\/index.php\/wp-json\/wp\/v2\/pages\/18\/revisions"}],"predecessor-version":[{"id":215,"href":"https:\/\/www.cardiodiagnostico.com.br\/index.php\/wp-json\/wp\/v2\/pages\/18\/revisions\/215"}],"up":[{"embeddable":true,"href":"https:\/\/www.cardiodiagnostico.com.br\/index.php\/wp-json\/wp\/v2\/pages\/9"}],"wp:attachment":[{"href":"https:\/\/www.cardiodiagnostico.com.br\/index.php\/wp-json\/wp\/v2\/media?parent=18"}],"curies":[{"name":"wp","href":"https:\/\/api.w.org\/{rel}","templated":true}]}}