{"id":24,"date":"2020-04-15T16:48:01","date_gmt":"2020-04-15T19:48:01","guid":{"rendered":"http:\/\/192.168.25.222\/cardio1\/?page_id=24"},"modified":"2020-04-24T10:43:46","modified_gmt":"2020-04-24T13:43:46","slug":"sobre-a-empresa","status":"publish","type":"page","link":"https:\/\/www.cardiodiagnostico.com.br\/index.php\/sobre-a-empresa\/","title":{"rendered":"Sobre a empresa"},"content":{"rendered":"\n<p>A Cardiodiagn\u00f3stico \u00e9 uma empresa especializada na realiza\u00e7\u00e3o de <strong><a href=\"http:\/\/192.168.25.222\/cardio\/exames\">exames cardiol\u00f3gicos e vasculares<\/a><\/strong> localizada em Santa Maria\/RS.<\/p>\n\n\n\n<p><strong>Fundada em 10 de janeiro de 1987<\/strong> pelos doutores <strong>Hamilton Bulc\u00e3o<\/strong> (CREMERS 5.613) e <strong>Romulo Castagna<\/strong> (CREMERS 5.716), a Cardiodiagn\u00f3stico \u00e9 pioneira na realiza\u00e7\u00e3o de exames desse tipo em Santa Maria\/RS. Em 1991, os doutores <strong>Paulo Bau<\/strong> (CREMERS 13.518) e <strong>Luiz Gustavo Thom\u00e9<\/strong> (CREMERS 14.381) passam a integrar o corpo cl\u00ednico da Cardiodiagn\u00f3stico.<\/p>\n\n\n\n<p>Seu primeiro endere\u00e7o foi junto \u00e0 Rua Duque de Caxias, 1668 (Centro Cl\u00ednico), onde permaneceu at\u00e9 2000. Em vista da necessidade de diagn\u00f3sticos por imagem na \u00e1rea cardiovascular no <a href=\"http:\/\/www.hcaa.com.br\" target=\"_blank\" rel=\"noreferrer noopener\">Hospital de Caridade Dr. Astrogildo de Azevedo (HCAA)<\/a>, a Cardiodiagn\u00f3stico mudou-se para a Avenida Presidente Vargas, 2291 (em anexo ao hospital), onde permanece at\u00e9 hoje. Em <strong>17 de maio de 2009<\/strong>, a Cardiodiagn\u00f3stico inagurura sua sede no pr\u00e9dio do <a href=\"http:\/\/www.icardio.com.br\" target=\"_blank\" rel=\"noreferrer noopener\">Instituto Cardiovascular de Santa Maria (Icardio)<\/a>. A data escolhida \u00e9 uma homenagem ao anivers\u00e1rio da cidade &#8220;cora\u00e7\u00e3o do Rio Grande do Sul&#8221;.<\/p>\n\n\n\n<p>Atualmente, a Cardiodiagn\u00f3stico conta com um <a href=\"http:\/\/192.168.25.222\/cardio\/corpo-clinico\">corpo cl\u00ednico<\/a> composto por 7 cardiologistas e 1 cirurgi\u00e3o vascular, todos especialistas em suas \u00e1reas de atua\u00e7\u00e3o. No dia 10 de janeiro de 2017 a empresa completou <strong>30 anos<\/strong> de exist\u00eancia.<\/p>\n\n\n\n<h3 class=\"pt-3\">Miss\u00e3o<\/h3>\n\n\n\n<p>Promover qualidade de vida atrav\u00e9s do diagn\u00f3stico precoce de mol\u00e9stias do sistema cardiovascular.<\/p>\n\n\n\n<h3 class=\"pt-3\">Vis\u00e3o<\/h3>\n\n\n\n<p>Ser refer\u00eancia de qualidade na detec\u00e7\u00e3o de cardiopatias, alicer\u00e7ada na tecnologia de nossos exames e no elo de confian\u00e7a entre m\u00e9dicos e pacientes.<\/p>\n\n\n\n<h3 class=\"pt-3\">Premissas<\/h3>\n\n\n\n<h4>Confian\u00e7a<\/h4>\n\n\n\n<p>Este sentimento s\u00f3 existe quando h\u00e1 m\u00fatua compreens\u00e3o e transpar\u00eancia nas rela\u00e7\u00f5es entre as pessoas. Mais do que realizar exames, somos agentes de relacionamento humano.<\/p>\n\n\n\n<h4>Qualidade<\/h4>\n\n\n\n<p>Para se atingir o pilar da confian\u00e7a \u00e9 necess\u00e1rio que realizemos todos os procedimentos com qualidade, desde o \u201cbom dia\u201d at\u00e9 a despedida do paciente.<\/p>\n\n\n\n<h4>Tecnologia<\/h4>\n\n\n\n<p>A tecnologia n\u00e3o \u00e9 representada apenas pela modernidade dos equipamentos, mas tamb\u00e9m pela capacita\u00e7\u00e3o de nossos profissionais \u2013 m\u00e9dicos e colaboradores.<\/p>\n","protected":false},"excerpt":{"rendered":"<p>A Cardiodiagn\u00f3stico \u00e9 uma empresa especializada na realiza\u00e7\u00e3o de exames cardiol\u00f3gicos e vasculares localizada em Santa Maria\/RS. Fundada em 10 de janeiro de 1987 pelos doutores Hamilton Bulc\u00e3o (CREMERS 5.613) e Romulo Castagna (CREMERS 5.716), a Cardiodiagn\u00f3stico \u00e9 pioneira na realiza\u00e7\u00e3o de exames desse tipo em Santa Maria\/RS. Em 1991, os doutores Paulo Bau (CREMERS 13.518) e Luiz Gustavo Thom\u00e9 [&hellip;]<\/p>\n","protected":false},"author":1,"featured_media":126,"parent":0,"menu_order":0,"comment_status":"closed","ping_status":"closed","template":"","meta":[],"_links":{"self":[{"href":"https:\/\/www.cardiodiagnostico.com.br\/index.php\/wp-json\/wp\/v2\/pages\/24"}],"collection":[{"href":"https:\/\/www.cardiodiagnostico.com.br\/index.php\/wp-json\/wp\/v2\/pages"}],"about":[{"href":"https:\/\/www.cardiodiagnostico.com.br\/index.php\/wp-json\/wp\/v2\/types\/page"}],"author":[{"embeddable":true,"href":"https:\/\/www.cardiodiagnostico.com.br\/index.php\/wp-json\/wp\/v2\/users\/1"}],"replies":[{"embeddable":true,"href":"https:\/\/www.cardiodiagnostico.com.br\/index.php\/wp-json\/wp\/v2\/comments?post=24"}],"version-history":[{"count":2,"href":"https:\/\/www.cardiodiagnostico.com.br\/index.php\/wp-json\/wp\/v2\/pages\/24\/revisions"}],"predecessor-version":[{"id":291,"href":"https:\/\/www.cardiodiagnostico.com.br\/index.php\/wp-json\/wp\/v2\/pages\/24\/revisions\/291"}],"wp:featuredmedia":[{"embeddable":true,"href":"https:\/\/www.cardiodiagnostico.com.br\/index.php\/wp-json\/wp\/v2\/media\/126"}],"wp:attachment":[{"href":"https:\/\/www.cardiodiagnostico.com.br\/index.php\/wp-json\/wp\/v2\/media?parent=24"}],"curies":[{"name":"wp","href":"https:\/\/api.w.org\/{rel}","templated":true}]}}