{"id":62,"date":"2020-04-16T18:28:27","date_gmt":"2020-04-16T21:28:27","guid":{"rendered":"http:\/\/192.168.25.222\/cardio1\/?page_id=62"},"modified":"2020-04-23T17:36:07","modified_gmt":"2020-04-23T20:36:07","slug":"ecodopplercardiograma-para-avaliacao-de-sincronismo-cardiaco","status":"publish","type":"page","link":"https:\/\/www.cardiodiagnostico.com.br\/index.php\/exames-e-preparos\/ecodopplercardiograma-para-avaliacao-de-sincronismo-cardiaco\/","title":{"rendered":"Ecodopplercardiograma para avalia\u00e7\u00e3o de sincronismo card\u00edaco"},"content":{"rendered":"\n<p class=\"alert alert-info\"><i class=\"fas fa-info-circle\"><\/i> N\u00e3o h\u00e1 nenhum tipo de preparo para este exame<\/p>\n\n\n\n<p class=\"alert alert-info\"><i class=\"fas fa-info-circle\"><\/i>\n<strong>Pede-se que o paciente traga seus exames cardiol\u00f3gicos anteriores<\/strong>, para que o m\u00e9dico tenha o m\u00e1ximo de informa\u00e7\u00f5es.\n<\/p>\n\n\n\n<h5>O que \u00e9<\/h5>\n\n\n\n<p>\u00c9 um procedimento com finalidade de pesquisa de dissincronia card\u00edaca em pacientes com insufici\u00eancia card\u00edaca (situa\u00e7\u00e3o em que ocorre preju\u00edzo da fun\u00e7\u00e3o card\u00edaca devido \u00e0 contra\u00e7\u00e3o desorganizada do cora\u00e7\u00e3o).<\/p>\n\n\n\n<h5>Como \u00e9 feito<\/h5>\n\n\n\n<p>Com o paciente deitado, o m\u00e9dico utiliza um equipamento de ultrassom na regi\u00e3o do t\u00f3rax do paciente para observar a contratilidade do cora\u00e7\u00e3o, analisando o tempo de contra\u00e7\u00e3o dos segmentos e os fluxos intracard\u00edacos.<\/p>\n\n\n\n<h5>Indica\u00e7\u00f5es<\/h5>\n\n\n\n<ul class=\"list-unstyled\">\n<li><i class=\"fas fa-check\"><\/i> Para determinar a sincronia das diversas paredes do cora\u00e7\u00e3o e sua contribui\u00e7\u00e3o para a contra\u00e7\u00e3o card\u00edaca global, tanto entre as paredes do ventr\u00edculo esquerdo como tamb\u00e9m entre os dois ventr\u00edculos\n<\/li>\n<li><i class=\"fas fa-check\"><\/i> \nPara a indica\u00e7\u00e3o e resultado da terapia de ressincroniza\u00e7\u00e3o ventricular por implante de marcapasso biventricular em pacientes com insufici\u00eancia card\u00edaca avan\u00e7ada, proporcionando melhora dos sintomas, da qualidade de vida e dos \u00edndices de performance card\u00edaca.\n<\/li>\n<\/ul>\n\n\n\n<h5>Contraindica\u00e7\u00f5es<\/h5>\n\n\n\n<p>N\u00e3o h\u00e1.<\/p>\n\n\n\n<h5>Limita\u00e7\u00f5es<\/h5>\n\n\n\n<ul class=\"list-unstyled\">\n<li><i class=\"fas fa-exclamation\"><\/i> Nesse exame, as imagens do cora\u00e7\u00e3o s\u00e3o obtidas externamente atrav\u00e9s da parede tor\u00e1cica. Algumas condi\u00e7\u00f5es cl\u00ednicas, como obesidade, deformidades do t\u00f3rax e enfisema pulmonar, podem dificultar a visualiza\u00e7\u00e3o das estruturas card\u00edacas, prejudicando o diagn\u00f3stico. Nesses casos, diz-se que os pacientes apresentam janela ac\u00fastica inadequada ou desfavor\u00e1vel.<\/li>\n<\/ul>\n\n\n\n<p class=\"has-small-font-size\"><strong>Refer\u00eancias<\/strong><br>1. Diretriz para indica\u00e7\u00f5es e utiliza\u00e7\u00e3o da ecocardiografia na pr\u00e1tica cl\u00ednica. Revista Brasileira de Ecocardiografia 2004;17(1):49-77.<br>2. ACC\/AHA\/ASE 2003 Guideline update for the clinical application of echocardiography: summary article. Journal of the Am Society of Echocardiography 2003;16(10):1091-1110.<\/p>\n","protected":false},"excerpt":{"rendered":"<p>O que \u00e9 \u00c9 um procedimento com finalidade de pesquisa de dissincronia card\u00edaca em pacientes com insufici\u00eancia card\u00edaca (situa\u00e7\u00e3o em que ocorre preju\u00edzo da fun\u00e7\u00e3o card\u00edaca devido \u00e0 contra\u00e7\u00e3o desorganizada do cora\u00e7\u00e3o). Como \u00e9 feito Com o paciente deitado, o m\u00e9dico utiliza um equipamento de ultrassom na regi\u00e3o do t\u00f3rax do paciente para observar a contratilidade do cora\u00e7\u00e3o, analisando o [&hellip;]<\/p>\n","protected":false},"author":1,"featured_media":0,"parent":9,"menu_order":0,"comment_status":"closed","ping_status":"closed","template":"exame-detalhes.php","meta":[],"_links":{"self":[{"href":"https:\/\/www.cardiodiagnostico.com.br\/index.php\/wp-json\/wp\/v2\/pages\/62"}],"collection":[{"href":"https:\/\/www.cardiodiagnostico.com.br\/index.php\/wp-json\/wp\/v2\/pages"}],"about":[{"href":"https:\/\/www.cardiodiagnostico.com.br\/index.php\/wp-json\/wp\/v2\/types\/page"}],"author":[{"embeddable":true,"href":"https:\/\/www.cardiodiagnostico.com.br\/index.php\/wp-json\/wp\/v2\/users\/1"}],"replies":[{"embeddable":true,"href":"https:\/\/www.cardiodiagnostico.com.br\/index.php\/wp-json\/wp\/v2\/comments?post=62"}],"version-history":[{"count":8,"href":"https:\/\/www.cardiodiagnostico.com.br\/index.php\/wp-json\/wp\/v2\/pages\/62\/revisions"}],"predecessor-version":[{"id":218,"href":"https:\/\/www.cardiodiagnostico.com.br\/index.php\/wp-json\/wp\/v2\/pages\/62\/revisions\/218"}],"up":[{"embeddable":true,"href":"https:\/\/www.cardiodiagnostico.com.br\/index.php\/wp-json\/wp\/v2\/pages\/9"}],"wp:attachment":[{"href":"https:\/\/www.cardiodiagnostico.com.br\/index.php\/wp-json\/wp\/v2\/media?parent=62"}],"curies":[{"name":"wp","href":"https:\/\/api.w.org\/{rel}","templated":true}]}}