{"id":64,"date":"2020-04-16T18:29:02","date_gmt":"2020-04-16T21:29:02","guid":{"rendered":"http:\/\/192.168.25.222\/cardio1\/?page_id=64"},"modified":"2020-04-23T17:33:05","modified_gmt":"2020-04-23T20:33:05","slug":"ecodopplercardiograma-fetal-com-mapeamento-de-fluxo-em-cores","status":"publish","type":"page","link":"https:\/\/www.cardiodiagnostico.com.br\/index.php\/exames-e-preparos\/ecodopplercardiograma-fetal-com-mapeamento-de-fluxo-em-cores\/","title":{"rendered":"Ecodopplercardiograma fetal com mapeamento de fluxo em cores"},"content":{"rendered":"\n<p class=\"alert alert-info\"><i class=\"fas fa-info-circle\"><\/i> N\u00e3o h\u00e1 nenhum tipo de preparo para este exame<\/p>\n\n\n\n<p class=\"alert alert-success\"><i class=\"fas fa-info-circle\"><\/i> \nO exame \u00e9 <strong>completamente indolor e sem riscos para a paciente e o beb\u00ea<\/strong>\n<\/p>\n\n\n\n<h5>O que \u00e9<\/h5>\n\n\n\n<p>A ecocardiografia fetal \u00e9 um m\u00e9todo ultrassonogr\u00e1fico n\u00e3o invasivo realizado no abdome da mulher gr\u00e1vida ap\u00f3s a 18\u00aa semana de gesta\u00e7\u00e3o, para avalia\u00e7\u00e3o intrauterina morfol\u00f3gica e funcional do cora\u00e7\u00e3o do feto.<\/p>\n\n\n\n<p>Com o diagn\u00f3stico precoce, \u00e9 poss\u00edvel iniciar o tratamento medicamentoso ou intervencionista ainda dentro do \u00fatero, bem orientar onde o parto dever\u00e1 ser realizado.<\/p>\n\n\n\n<h5>Como \u00e9 feito<\/h5>\n\n\n\n<p>O transdutor \u00e9 colocado sobre o abdome materno a fim de obter as imagens do cora\u00e7\u00e3o do feto. No monitor s\u00e3o observadas as poss\u00edveis altera\u00e7\u00f5es anat\u00f4micas e funcionais da circula\u00e7\u00e3o fetal normal.<\/p>\n\n\n\n<h5>Indica\u00e7\u00f5es<\/h5>\n\n\n\n<p class=\"alert alert-success\"><i class=\"fas fa-check\"><\/i> A Sociedade Brasileira de Cardiologia recomenda que o exame seja <strong>realizado na rotina de todo pr\u00e9-natal<\/strong>, pois dentre os beb\u00eas que apresentam doen\u00e7as cong\u00eanitas do cora\u00e7\u00e3o apenas 10% apresentam fatores de risco.<\/p>\n\n\n\n<ul class=\"list-unstyled\">\n<li><i class=\"fas fa-check\"><\/i> Detec\u00e7\u00e3o ou exclus\u00e3o de anormalidades card\u00edacas fetais durante o pr\u00e9-natal<\/li>\n<li><i class=\"fas fa-check\"><\/i> Detec\u00e7\u00e3o ou suspeita de cardiopatia cong\u00eanita \u00e0 ultrassonografia obst\u00e9trica<\/li>\n<li><i class=\"fas fa-check\"><\/i> Fatores de risco materno-familiares para cardiopatias<\/li>\n<li><i class=\"fas fa-check\"><\/i> Avalia\u00e7\u00e3o de repercuss\u00f5es de arritmias card\u00edacas fetais<\/li>\n<\/ul>\n\n\n\n<h5>Contraindica\u00e7\u00f5es<\/h5>\n\n\n\n<p>N\u00e3o h\u00e1.<\/p>\n\n\n\n<h5>Limita\u00e7\u00f5es<\/h5>\n\n\n\n<ul class=\"list-unstyled\">\n<li><i class=\"fas fa-exclamation\"><\/i> N\u00e3o \u00e9 recomendada a realiza\u00e7\u00e3o do exame antes da 18\u00aa semana devido \u00e0 imaturidade do feto, que dificultaria a avalia\u00e7\u00e3o das estruturas card\u00edacas<\/li>\n<li><i class=\"fas fa-exclamation\"><\/i> No final da gesta\u00e7\u00e3o tamb\u00e9m pode haver dificuldade na visualiza\u00e7\u00e3o das estruturas card\u00edcas (janela ac\u00fastica inadequada ou desfavor\u00e1vel)<\/li>\n<li><i class=\"fas fa-exclamation\"><\/i> Agita\u00e7\u00e3o ou posicionamento inadequado do feto<\/li>\n<\/ul>\n\n\n\n<p class=\"has-small-font-size\"><strong>Refer\u00eancias<\/strong><br>1. Diretriz para indica\u00e7\u00f5es e utiliza\u00e7\u00e3o da ecocardiografia na pr\u00e1tica cl\u00ednica. Revista Brasileira de Ecocardiografia 2004;17(1):49-77.<br>2. ACC\/AHA\/ASE 2003 Guideline update for the clinical application of echocardiography: summary article. Journal of the Am Society of Echocardiography 2003;16(10):1091-1110.<\/p>\n","protected":false},"excerpt":{"rendered":"<p>O exame \u00e9 completamente indolor e sem riscos para a paciente e o beb\u00ea O que \u00e9 A ecocardiografia fetal \u00e9 um m\u00e9todo ultrassonogr\u00e1fico n\u00e3o invasivo realizado no abdome da mulher gr\u00e1vida ap\u00f3s a 18\u00aa semana de gesta\u00e7\u00e3o, para avalia\u00e7\u00e3o intrauterina morfol\u00f3gica e funcional do cora\u00e7\u00e3o do feto. Com o diagn\u00f3stico precoce, \u00e9 poss\u00edvel iniciar o tratamento medicamentoso ou intervencionista [&hellip;]<\/p>\n","protected":false},"author":1,"featured_media":0,"parent":9,"menu_order":0,"comment_status":"closed","ping_status":"closed","template":"exame-detalhes.php","meta":[],"_links":{"self":[{"href":"https:\/\/www.cardiodiagnostico.com.br\/index.php\/wp-json\/wp\/v2\/pages\/64"}],"collection":[{"href":"https:\/\/www.cardiodiagnostico.com.br\/index.php\/wp-json\/wp\/v2\/pages"}],"about":[{"href":"https:\/\/www.cardiodiagnostico.com.br\/index.php\/wp-json\/wp\/v2\/types\/page"}],"author":[{"embeddable":true,"href":"https:\/\/www.cardiodiagnostico.com.br\/index.php\/wp-json\/wp\/v2\/users\/1"}],"replies":[{"embeddable":true,"href":"https:\/\/www.cardiodiagnostico.com.br\/index.php\/wp-json\/wp\/v2\/comments?post=64"}],"version-history":[{"count":8,"href":"https:\/\/www.cardiodiagnostico.com.br\/index.php\/wp-json\/wp\/v2\/pages\/64\/revisions"}],"predecessor-version":[{"id":212,"href":"https:\/\/www.cardiodiagnostico.com.br\/index.php\/wp-json\/wp\/v2\/pages\/64\/revisions\/212"}],"up":[{"embeddable":true,"href":"https:\/\/www.cardiodiagnostico.com.br\/index.php\/wp-json\/wp\/v2\/pages\/9"}],"wp:attachment":[{"href":"https:\/\/www.cardiodiagnostico.com.br\/index.php\/wp-json\/wp\/v2\/media?parent=64"}],"curies":[{"name":"wp","href":"https:\/\/api.w.org\/{rel}","templated":true}]}}