{"id":70,"date":"2020-04-16T18:30:41","date_gmt":"2020-04-16T21:30:41","guid":{"rendered":"http:\/\/192.168.25.222\/cardio1\/?page_id=70"},"modified":"2020-04-23T19:59:42","modified_gmt":"2020-04-23T22:59:42","slug":"ecodopplercardiograma-sob-estresse-farmacologico","status":"publish","type":"page","link":"https:\/\/www.cardiodiagnostico.com.br\/index.php\/exames-e-preparos\/ecodopplercardiograma-sob-estresse-farmacologico\/","title":{"rendered":"Ecodopplercardiograma sob estresse farmacol\u00f3gico"},"content":{"rendered":"\n<p class=\"alert alert-warning\">\n<i class=\"fas fa-exclamation-triangle\"><\/i> <strong>Preparo<\/strong><br>\n\n<i class=\"fas fa-check\"><\/i> Jejum absoluto de 4 horas (inclusive l\u00edquidos)<br \/>\n<i class=\"fas fa-check\"><\/i> <strong>Evitar totalmente<\/strong> alimentos e bebidas que contenham xantinas nas 24 horas que antecedem o exame (chocolate, achocolatados, refrigerantes, caf\u00e9s, ch\u00e1s, chimarr\u00e3o, etc.)<br \/>\n<\/p>\n\n\n\n<p class=\"alert alert-danger\"><i class=\"fas fa-exclamation-triangle\"><\/i> <strong>A suspens\u00e3o da medica\u00e7\u00e3o em uso fica a crit\u00e9rio do m\u00e9dico que solicitou o exame<\/strong><\/p>\n\n\n\n<p class=\"alert alert-danger\"><i class=\"fas fa-exclamation-triangle\"><\/i> <strong>O paciente deve estar acompanhado ou o exame n\u00e3o ser\u00e1 realizado.<\/strong><\/p>\n\n\n\n<p class=\"alert alert-info\"><i class=\"fas fa-info-circle\"><\/i>\n<strong>Pede-se que o paciente traga seus exames cardiol\u00f3gicos anteriores<\/strong>, para que o m\u00e9dico tenha o m\u00e1ximo de informa\u00e7\u00f5es.\n<\/p>\n\n\n\n<h5>O que \u00e9<\/h5>\n\n\n\n<p>O ecocardiograma ou ecocardiografia sob estresse farmacol\u00f3gico \u00e9 um <strong>exame de ultrassom do cora\u00e7\u00e3o associado ao uso de medicamentos<\/strong> (dobutamina ou dipiridamol) <strong>que possibilitam visualizar a contra\u00e7\u00e3o do cora\u00e7\u00e3o em repouso e em esfor\u00e7o m\u00e1ximo<\/strong>, semelhante ao atingido durante o exame de esfor\u00e7o realizado em esteira ergom\u00e9trica.<\/p>\n\n\n\n<h5>Como \u00e9 feito<\/h5>\n\n\n\n<p>O paciente recebe os medicamentos por uma veia (via intravenosa) e em doses crescentes \u2013 chamadas \u201cest\u00e1gios do exame\u201d. Durante a realiza\u00e7\u00e3o do exame, s\u00e3o verificadas continuamente a press\u00e3o arterial, a frequ\u00eancia e o ritmo card\u00edaco, al\u00e9m dos n\u00edveis de oxig\u00eanio no sangue; tamb\u00e9m s\u00e3o realizados eletrocardiogramas em cada est\u00e1gio.<\/p>\n\n\n\n<p>O paciente permanece em repouso durante <strong>30 minutos ap\u00f3s o t\u00e9rmino do exame<\/strong>. Ap\u00f3s 60 minutos, pode retornar \u00e0 sua rotina, sem restri\u00e7\u00e3o de dieta. <strong>Caso utilize medica\u00e7\u00e3o de uso cont\u00ednuo, esta dever\u00e1 ser ingerida normalmente<\/strong>.<\/p>\n\n\n\n<h5>Indica\u00e7\u00f5es<\/h5>\n\n\n\n<ul class=\"list-unstyled\">\n<li><i class=\"fas fa-check\"><\/i> Suspeita de obstru\u00e7\u00e3o das art\u00e9rias coron\u00e1rias, respons\u00e1veis pela irriga\u00e7\u00e3o do m\u00fasculo do cora\u00e7\u00e3o (doen\u00e7a arterial coron\u00e1ria)<\/li>\n<li><i class=\"fas fa-check\"><\/i> Avalia\u00e7\u00e3o de pacientes submetidos \u00e0 cirurgia de revasculariza\u00e7\u00e3o mioc\u00e1rdica (ponte de safena ou de mam\u00e1ria etc.) ou angioplastia coron\u00e1ria com ou sem coloca\u00e7\u00e3o de stents.<\/li>\n<\/ul>\n\n\n\n<h5>Contraindica\u00e7\u00f5es<\/h5>\n\n\n\n<ul class=\"list-unstyled\">\n<li><i class=\"fas fa-exclamation\"><\/i> Pacientes na fase aguda de s\u00edndromes coron\u00e1rias (IAM e angina inst\u00e1vel)<\/li>\n<li><i class=\"fas fa-exclamation\"><\/i> O uso de Dobutamina \u00e9 contraindicado para pacientes com hipertens\u00e3o arterial descontrolada, arritmia ventricular ou que j\u00e1 apresentaram rea\u00e7\u00f5es adversas ao uso da medica\u00e7\u00e3o<\/li>\n<li><i class=\"fas fa-exclamation\"><\/i> O uso de Dipiridamol \u00e9 contraindicado para pacientes com hist\u00f3ria de asma ou chiado no peito ou que j\u00e1 apresentaram rea\u00e7\u00f5es adversas ao uso da medica\u00e7\u00e3o, e para aqueles que fazem uso de medicamentos chamados xantinas (aminofilina)<\/li>\n<\/ul>\n\n\n\n<h5>Efeitos adversos<\/h5>\n\n\n\n<p>Os efeitos colaterais s\u00e3o raros e semelhantes aos observados durante o teste ergom\u00e9trico, como, por exemplo:<\/p>\n\n<ul class=\"list-unstyled\">\n<li><i class=\"fas fa-exclamation\"><\/i> Sensa\u00e7\u00e3o de formigamento no rosto; n\u00e1usea; dor de cabe\u00e7a; dor no peito; eleva\u00e7\u00e3o da press\u00e3o arterial e palpita\u00e7\u00e3o<\/li>\n<li><i class=\"fas fa-exclamation\"><\/i> Os efeitos adversos, quando aparecem, s\u00e3o prontamente detectados e acompanhados por nossa equipe<\/li>\n<\/ul>\n\n\n\n<h5>Limita\u00e7\u00f5es<\/h5>\n\n\n\n<p>O exame pode ser inconclusivo quando n\u00e3o se atinge a frequ\u00eancia card\u00edaca subm\u00e1xima esperada e n\u00e3o ocorrem sinais de isquemia.<\/p>\n\n\n\n<p class=\"has-small-font-size\"><strong>Refer\u00eancias<\/strong><br>1. Diretriz para indica\u00e7\u00f5es e utiliza\u00e7\u00e3o da ecocardiografia na pr\u00e1tica cl\u00ednica. Revista Brasileira de Ecocardiografia 2004;17(1):49-77.<br>2. ACC\/AHA\/ASE 2003 Guideline update for the clinical application of echocardiography: summary article. Journal of the Am Society of Echocardiography 2003;16(10):1091-1110.<\/p>\n","protected":false},"excerpt":{"rendered":"<p>Preparo Jejum absoluto de 4 horas (inclusive l\u00edquidos) Evitar totalmente alimentos e bebidas que contenham xantinas nas 24 horas que antecedem o exame (chocolate, achocolatados, refrigerantes, caf\u00e9s, ch\u00e1s, chimarr\u00e3o, etc.) A suspens\u00e3o da medica\u00e7\u00e3o em uso fica a crit\u00e9rio do m\u00e9dico que solicitou o exame O paciente deve estar acompanhado ou o exame n\u00e3o ser\u00e1 realizado. O que \u00e9 O [&hellip;]<\/p>\n","protected":false},"author":1,"featured_media":0,"parent":9,"menu_order":0,"comment_status":"closed","ping_status":"closed","template":"exame-detalhes.php","meta":[],"_links":{"self":[{"href":"https:\/\/www.cardiodiagnostico.com.br\/index.php\/wp-json\/wp\/v2\/pages\/70"}],"collection":[{"href":"https:\/\/www.cardiodiagnostico.com.br\/index.php\/wp-json\/wp\/v2\/pages"}],"about":[{"href":"https:\/\/www.cardiodiagnostico.com.br\/index.php\/wp-json\/wp\/v2\/types\/page"}],"author":[{"embeddable":true,"href":"https:\/\/www.cardiodiagnostico.com.br\/index.php\/wp-json\/wp\/v2\/users\/1"}],"replies":[{"embeddable":true,"href":"https:\/\/www.cardiodiagnostico.com.br\/index.php\/wp-json\/wp\/v2\/comments?post=70"}],"version-history":[{"count":10,"href":"https:\/\/www.cardiodiagnostico.com.br\/index.php\/wp-json\/wp\/v2\/pages\/70\/revisions"}],"predecessor-version":[{"id":230,"href":"https:\/\/www.cardiodiagnostico.com.br\/index.php\/wp-json\/wp\/v2\/pages\/70\/revisions\/230"}],"up":[{"embeddable":true,"href":"https:\/\/www.cardiodiagnostico.com.br\/index.php\/wp-json\/wp\/v2\/pages\/9"}],"wp:attachment":[{"href":"https:\/\/www.cardiodiagnostico.com.br\/index.php\/wp-json\/wp\/v2\/media?parent=70"}],"curies":[{"name":"wp","href":"https:\/\/api.w.org\/{rel}","templated":true}]}}