{"id":72,"date":"2020-04-16T18:31:13","date_gmt":"2020-04-16T21:31:13","guid":{"rendered":"http:\/\/192.168.25.222\/cardio1\/?page_id=72"},"modified":"2020-04-23T17:31:00","modified_gmt":"2020-04-23T20:31:00","slug":"ecodopplercardiograma-de-estresse-fisico","status":"publish","type":"page","link":"https:\/\/www.cardiodiagnostico.com.br\/index.php\/exames-e-preparos\/ecodopplercardiograma-de-estresse-fisico\/","title":{"rendered":"Ecodopplercardiograma sob estresse f\u00edsico"},"content":{"rendered":"\n<p class=\"alert alert-warning\">\n<i class=\"fas fa-exclamation-triangle\"><\/i> <strong>Preparo<\/strong><br>\n\n<i class=\"fas fa-check\"><\/i> Vestu\u00e1rio: Cal\u00e7\u00e3o ou bermuda e t\u00eanis<br \/>\n<i class=\"fas fa-check\"><\/i> <strong>N\u00e3o fazer refei\u00e7\u00e3o volumosa 2h antes do exame<\/strong><\/br>\n<\/p>\n\n\n\n<p class=\"alert alert-danger\"><i class=\"fas fa-exclamation-triangle\"><\/i> Pode ser necess\u00e1ria suspens\u00e3o de rem\u00e9dios contra isquemia. <strong>A suspens\u00e3o da medica\u00e7\u00e3o em uso fica a crit\u00e9rio do m\u00e9dico que solicitou o exame<\/strong><\/p>\n\n\n\n<p class=\"alert alert-info\"><i class=\"fas fa-info-circle\"><\/i>\n<strong>Pede-se que o paciente traga seus exames cardiol\u00f3gicos anteriores<\/strong>, para que o m\u00e9dico tenha o m\u00e1ximo de informa\u00e7\u00f5es.\n<\/p>\n\n\n\n<h5>O que \u00e9<\/h5>\n\n\n\n<p>O exame tem como objetivo <strong>detectar isquemia mioc\u00e1rdica<\/strong> atrav\u00e9s da estimula\u00e7\u00e3o do cora\u00e7\u00e3o por exerc\u00edcio, analisando a contratilidade dos segmentos do cora\u00e7\u00e3o com o ultrassom. Tamb\u00e9m pode ser utilizado para avaliar v\u00e1lvulas card\u00edacas e miocardiopatias, medindo os fluxos dentro do cora\u00e7\u00e3o com o Doppler.<\/p>\n\n\n\n<h5>Como \u00e9 feito<\/h5>\n\n\n\n<p>O paciente deita em uma ciclomaca (maca de exames com sistema de pedais), e realiza um exerc\u00edcio progressivo, controlado pelo computador, e monitorado por eletrocardiograma e ecocardiograma.<\/p>\n\n\n\n<h5>Indica\u00e7\u00f5es<\/h5>\n\n\n\n<p>Esclarecimento de sintomas<\/p>\n\n\n\n<p>Suspeita de isquemia card\u00edaca<\/p>\n\n\n\n<h5>Contraindica\u00e7\u00f5es<\/h5>\n\n\n\n<p>Pacientes que n\u00e3o t\u00eam capacidade de exercitar-se<\/p>\n\n\n\n<p class=\"has-small-font-size\"><strong>Refer\u00eancias<\/strong><br>1. Diretriz para indica\u00e7\u00f5es e utiliza\u00e7\u00e3o da ecocardiografia na pr\u00e1tica cl\u00ednica. Revista Brasileira de Ecocardiografia 2004;17(1):49-77.<br>2. ACC\/AHA\/ASE 2003 Guideline update for the clinical application of echocardiography: summary article. Journal of the Am Society of Echocardiography 2003;16(10):1091-1110.<\/p>\n","protected":false},"excerpt":{"rendered":"<p>Preparo Vestu\u00e1rio: Cal\u00e7\u00e3o ou bermuda e t\u00eanis N\u00e3o fazer refei\u00e7\u00e3o volumosa 2h antes do exame Pode ser necess\u00e1ria suspens\u00e3o de rem\u00e9dios contra isquemia. A suspens\u00e3o da medica\u00e7\u00e3o em uso fica a crit\u00e9rio do m\u00e9dico que solicitou o exame O que \u00e9 O exame tem como objetivo detectar isquemia mioc\u00e1rdica atrav\u00e9s da estimula\u00e7\u00e3o do cora\u00e7\u00e3o por exerc\u00edcio, analisando a contratilidade dos [&hellip;]<\/p>\n","protected":false},"author":1,"featured_media":0,"parent":9,"menu_order":0,"comment_status":"closed","ping_status":"closed","template":"exame-detalhes.php","meta":[],"_links":{"self":[{"href":"https:\/\/www.cardiodiagnostico.com.br\/index.php\/wp-json\/wp\/v2\/pages\/72"}],"collection":[{"href":"https:\/\/www.cardiodiagnostico.com.br\/index.php\/wp-json\/wp\/v2\/pages"}],"about":[{"href":"https:\/\/www.cardiodiagnostico.com.br\/index.php\/wp-json\/wp\/v2\/types\/page"}],"author":[{"embeddable":true,"href":"https:\/\/www.cardiodiagnostico.com.br\/index.php\/wp-json\/wp\/v2\/users\/1"}],"replies":[{"embeddable":true,"href":"https:\/\/www.cardiodiagnostico.com.br\/index.php\/wp-json\/wp\/v2\/comments?post=72"}],"version-history":[{"count":13,"href":"https:\/\/www.cardiodiagnostico.com.br\/index.php\/wp-json\/wp\/v2\/pages\/72\/revisions"}],"predecessor-version":[{"id":220,"href":"https:\/\/www.cardiodiagnostico.com.br\/index.php\/wp-json\/wp\/v2\/pages\/72\/revisions\/220"}],"up":[{"embeddable":true,"href":"https:\/\/www.cardiodiagnostico.com.br\/index.php\/wp-json\/wp\/v2\/pages\/9"}],"wp:attachment":[{"href":"https:\/\/www.cardiodiagnostico.com.br\/index.php\/wp-json\/wp\/v2\/media?parent=72"}],"curies":[{"name":"wp","href":"https:\/\/api.w.org\/{rel}","templated":true}]}}