{"id":74,"date":"2020-04-16T18:31:40","date_gmt":"2020-04-16T21:31:40","guid":{"rendered":"http:\/\/192.168.25.222\/cardio1\/?page_id=74"},"modified":"2020-04-23T20:42:00","modified_gmt":"2020-04-23T23:42:00","slug":"doppler-colorido-arterial-de-membro-inferior","status":"publish","type":"page","link":"https:\/\/www.cardiodiagnostico.com.br\/index.php\/exames-e-preparos\/doppler-colorido-arterial-de-membro-inferior\/","title":{"rendered":"Doppler colorido arterial de membro inferior"},"content":{"rendered":"\n<p class=\"alert alert-info\"><i class=\"fas fa-info-circle\"><\/i> N\u00e3o h\u00e1 nenhum tipo de preparo para este exame<\/p>\n\n\n\n<h5>O que \u00e9<\/h5>\n\n\n\n<p>O ecodoppler arterial de membro inferior tem por objetivo pesquisar obstru\u00e7\u00f5es e aneurismas nas art\u00e9rias das pernas.<\/p>\n\n\n\n<h5>Como \u00e9 feito<\/h5>\n\n\n\n<p>O exame \u00e9 realizado pelo especialista em ecografia vascular. Neste procedimento o m\u00e9dico utiliza a sonda de ultrassonografia para examinar as pernas do paciente, com o mesmo deitado ou em p\u00e9.<\/p>\n\n\n\n<h5>Indica\u00e7\u00f5es<\/h5>\n\n\n\n<ul class=\"list-unstyled\">\n<li><i class=\"fas fa-check\"><\/i> Para o estudo de dores nas pernas ao caminhar e claudica\u00e7\u00e3o (mancar): dor para caminhar que alivia com o repouso e se repete em dist\u00e2ncias fixas<\/li>\n<li><i class=\"fas fa-check\"><\/i> Detectar aneurismas (dilata\u00e7\u00f5es das art\u00e9rias) que n\u00e3o costumam apresentar sintomas e podem romper ou at\u00e9 mesmo obstruir os vasos distais por emboliza\u00e7\u00e3o de trombos<\/li>\n<li><i class=\"fas fa-check\"><\/i> Controle p\u00f3s-operat\u00f3rio de cirurgia de revasculariza\u00e7\u00e3o (angioplastias, stent, by-pass, recanaliza\u00e7\u00f5es, tromb\u00f3lises)<\/li>\n<li><i class=\"fas fa-check\"><\/i> Para o estudo da etiologia das \u00falceras de origem isqu\u00eamicas ou hipertensivas<\/li>\n<\/ul>\n\n\n\n<h5>Contraindica\u00e7\u00f5es<\/h5>\n\n\n\n<p>N\u00e3o h\u00e1.<\/p>\n\n\n\n<h5>Limita\u00e7\u00f5es<\/h5>\n\n\n\n<p>N\u00e3o h\u00e1.<\/p>\n\n\n\n<p class=\"has-small-font-size\"><strong>Refer\u00eancias<\/strong><br>1. Diretriz para indica\u00e7\u00f5es e utiliza\u00e7\u00e3o da ecocardiografia na pr\u00e1tica cl\u00ednica. Revista Brasileira de Ecocardiografia 2004;17(1):49-77.<br>2. ACC\/AHA\/ASE 2003 Guideline update for the clinical application of echocardiography: summary article. Journal of the Am Society of Echocardiography 2003;16(10):1091-1110.<\/p>\n","protected":false},"excerpt":{"rendered":"<p>O que \u00e9 O ecodoppler arterial de membro inferior tem por objetivo pesquisar obstru\u00e7\u00f5es e aneurismas nas art\u00e9rias das pernas. Como \u00e9 feito O exame \u00e9 realizado pelo especialista em ecografia vascular. Neste procedimento o m\u00e9dico utiliza a sonda de ultrassonografia para examinar as pernas do paciente, com o mesmo deitado ou em p\u00e9. Indica\u00e7\u00f5es Para o estudo de dores [&hellip;]<\/p>\n","protected":false},"author":1,"featured_media":0,"parent":9,"menu_order":0,"comment_status":"closed","ping_status":"closed","template":"exame-detalhes.php","meta":[],"_links":{"self":[{"href":"https:\/\/www.cardiodiagnostico.com.br\/index.php\/wp-json\/wp\/v2\/pages\/74"}],"collection":[{"href":"https:\/\/www.cardiodiagnostico.com.br\/index.php\/wp-json\/wp\/v2\/pages"}],"about":[{"href":"https:\/\/www.cardiodiagnostico.com.br\/index.php\/wp-json\/wp\/v2\/types\/page"}],"author":[{"embeddable":true,"href":"https:\/\/www.cardiodiagnostico.com.br\/index.php\/wp-json\/wp\/v2\/users\/1"}],"replies":[{"embeddable":true,"href":"https:\/\/www.cardiodiagnostico.com.br\/index.php\/wp-json\/wp\/v2\/comments?post=74"}],"version-history":[{"count":3,"href":"https:\/\/www.cardiodiagnostico.com.br\/index.php\/wp-json\/wp\/v2\/pages\/74\/revisions"}],"predecessor-version":[{"id":251,"href":"https:\/\/www.cardiodiagnostico.com.br\/index.php\/wp-json\/wp\/v2\/pages\/74\/revisions\/251"}],"up":[{"embeddable":true,"href":"https:\/\/www.cardiodiagnostico.com.br\/index.php\/wp-json\/wp\/v2\/pages\/9"}],"wp:attachment":[{"href":"https:\/\/www.cardiodiagnostico.com.br\/index.php\/wp-json\/wp\/v2\/media?parent=74"}],"curies":[{"name":"wp","href":"https:\/\/api.w.org\/{rel}","templated":true}]}}