{"id":76,"date":"2020-04-16T18:32:09","date_gmt":"2020-04-16T21:32:09","guid":{"rendered":"http:\/\/192.168.25.222\/cardio1\/?page_id=76"},"modified":"2020-04-23T20:49:33","modified_gmt":"2020-04-23T23:49:33","slug":"doppler-colorido-arterial-de-membro-superior","status":"publish","type":"page","link":"https:\/\/www.cardiodiagnostico.com.br\/index.php\/exames-e-preparos\/doppler-colorido-arterial-de-membro-superior\/","title":{"rendered":"Doppler colorido arterial de membro superior"},"content":{"rendered":"\n<p class=\"alert alert-info\"><i class=\"fas fa-info-circle\"><\/i> N\u00e3o h\u00e1 nenhum tipo de preparo para este exame<\/p>\n\n\n\n<h5>O que \u00e9<\/h5>\n\n\n\n<p>O ecodoppler arterial de membro superior tem por objetivo pesquisar obstru\u00e7\u00f5es e aneurismas nas art\u00e9rias dos bra\u00e7os.<\/p>\n\n\n\n<h5>Como \u00e9 feito<\/h5>\n\n\n\n<p>O exame \u00e9 realizado pelo especialista em ecografia vascular. Neste procedimento utiliza-se um aparelho de ultrassom para examinar os bra\u00e7os do paciente com o mesmo deitado ou sentado.<\/p>\n\n\n\n<h5>Indica\u00e7\u00f5es<\/h5>\n\n\n\n<ul class=\"list-unstyled\"><li><i class=\"fas fa-check\"><\/i> Indicado para a pesquisa de dores nos bra\u00e7os, parestesias (formigamentos) e pesquisa da S\u00edndrome do Desfiladeiro C\u00e9rvico-Tor\u00e1cico. O exame tamb\u00e9m \u00e9 indicado para avalia\u00e7\u00f5es das art\u00e9rias de um modo geral<\/li><li><i class=\"fas fa-check\"><\/i> Detectar aneurismas (dilata\u00e7\u00f5es das art\u00e9rias) que n\u00e3o costumam apresentar sintomas e podem romper ou at\u00e9 mesmo obstruir os vasos distais por emboliza\u00e7\u00e3o de trombos<\/li><\/ul>\n\n\n\n<h5>Contraindica\u00e7\u00f5es<\/h5>\n\n\n\n<p>N\u00e3o h\u00e1.<\/p>\n\n\n\n<h5>Limita\u00e7\u00f5es<\/h5>\n\n\n\n<p>N\u00e3o h\u00e1.<\/p>\n\n\n\n<p class=\"has-small-font-size\"><strong>Refer\u00eancias<\/strong><br>1. Diretriz para indica\u00e7\u00f5es e utiliza\u00e7\u00e3o da ecocardiografia na pr\u00e1tica cl\u00ednica. Revista Brasileira de Ecocardiografia 2004;17(1):49-77.<br>2. ACC\/AHA\/ASE 2003 Guideline update for the clinical application of echocardiography: summary article. Journal of the Am Society of Echocardiography 2003;16(10):1091-1110.<\/p>\n","protected":false},"excerpt":{"rendered":"<p>O que \u00e9 O ecodoppler arterial de membro superior tem por objetivo pesquisar obstru\u00e7\u00f5es e aneurismas nas art\u00e9rias dos bra\u00e7os. Como \u00e9 feito O exame \u00e9 realizado pelo especialista em ecografia vascular. Neste procedimento utiliza-se um aparelho de ultrassom para examinar os bra\u00e7os do paciente com o mesmo deitado ou sentado. Indica\u00e7\u00f5es Indicado para a pesquisa de dores nos bra\u00e7os, [&hellip;]<\/p>\n","protected":false},"author":1,"featured_media":0,"parent":9,"menu_order":0,"comment_status":"closed","ping_status":"closed","template":"exame-detalhes.php","meta":[],"_links":{"self":[{"href":"https:\/\/www.cardiodiagnostico.com.br\/index.php\/wp-json\/wp\/v2\/pages\/76"}],"collection":[{"href":"https:\/\/www.cardiodiagnostico.com.br\/index.php\/wp-json\/wp\/v2\/pages"}],"about":[{"href":"https:\/\/www.cardiodiagnostico.com.br\/index.php\/wp-json\/wp\/v2\/types\/page"}],"author":[{"embeddable":true,"href":"https:\/\/www.cardiodiagnostico.com.br\/index.php\/wp-json\/wp\/v2\/users\/1"}],"replies":[{"embeddable":true,"href":"https:\/\/www.cardiodiagnostico.com.br\/index.php\/wp-json\/wp\/v2\/comments?post=76"}],"version-history":[{"count":2,"href":"https:\/\/www.cardiodiagnostico.com.br\/index.php\/wp-json\/wp\/v2\/pages\/76\/revisions"}],"predecessor-version":[{"id":254,"href":"https:\/\/www.cardiodiagnostico.com.br\/index.php\/wp-json\/wp\/v2\/pages\/76\/revisions\/254"}],"up":[{"embeddable":true,"href":"https:\/\/www.cardiodiagnostico.com.br\/index.php\/wp-json\/wp\/v2\/pages\/9"}],"wp:attachment":[{"href":"https:\/\/www.cardiodiagnostico.com.br\/index.php\/wp-json\/wp\/v2\/media?parent=76"}],"curies":[{"name":"wp","href":"https:\/\/api.w.org\/{rel}","templated":true}]}}