{"id":78,"date":"2020-04-16T18:32:38","date_gmt":"2020-04-16T21:32:38","guid":{"rendered":"http:\/\/192.168.25.222\/cardio1\/?page_id=78"},"modified":"2020-04-23T20:45:42","modified_gmt":"2020-04-23T23:45:42","slug":"doppler-colorido-venoso-de-membro-inferior","status":"publish","type":"page","link":"https:\/\/www.cardiodiagnostico.com.br\/index.php\/exames-e-preparos\/doppler-colorido-venoso-de-membro-inferior\/","title":{"rendered":"Doppler colorido venoso de membro inferior"},"content":{"rendered":"\n<p class=\"alert alert-info\"><i class=\"fas fa-info-circle\"><\/i> N\u00e3o h\u00e1 nenhum tipo de preparo para este exame<\/p>\n\n\n\n<h5>O que \u00e9<\/h5>\n\n\n\n<p>O exame \u00e9 realizado pelo especialista em ecografia vascular. Neste procedimento o m\u00e9dico utiliza um aparelho espec\u00edfico de ultrassonografia para examinar as pernas do paciente, com ele deitado ou em p\u00e9.<\/p>\n\n\n\n<h5>Como \u00e9 feito<\/h5>\n\n\n\n<p>O exame \u00e9 realizado pelo especialista em ecografia vascular. Neste procedimento o m\u00e9dico utiliza a sonda de ultrassonografia para examinar as pernas do paciente, com o mesmo deitado ou em p\u00e9.<\/p>\n\n\n\n<h5>Indica\u00e7\u00f5es<\/h5>\n\n\n\n<ul class=\"list-unstyled\"><li><i class=\"fas fa-check\"><\/i> Mapeamento pr\u00e9-operat\u00f3rio de cirurgia de varizes (esquema gr\u00e1fico que orienta o cirurgi\u00e3o no momento da cirurgia) e avalia\u00e7\u00e3o p\u00f3s-cirurgia de varizes<\/li><li><i class=\"fas fa-check\"><\/i> Pesquisa de Trombose Venosa Profunda e Superficial e o acompanhamento das mesmas. Tamb\u00e9m \u00e9 indicado para estudo de edema, hematomas p\u00f3s-traumatismos, entorses, fraturas<\/li><li><i class=\"fas fa-check\"><\/i> Estudo da etiologia das \u00falceras venosas<\/li><\/ul>\n\n\n\n<h5>Contraindica\u00e7\u00f5es<\/h5>\n\n\n\n<p>N\u00e3o h\u00e1.<\/p>\n\n\n\n<h5>Limita\u00e7\u00f5es<\/h5>\n\n\n\n<p>N\u00e3o h\u00e1.<\/p>\n\n\n\n<p class=\"has-small-font-size\"><strong>Refer\u00eancias<\/strong><br>1. Diretriz para indica\u00e7\u00f5es e utiliza\u00e7\u00e3o da ecocardiografia na pr\u00e1tica cl\u00ednica. Revista Brasileira de Ecocardiografia 2004;17(1):49-77.<br>2. ACC\/AHA\/ASE 2003 Guideline update for the clinical application of echocardiography: summary article. Journal of the Am Society of Echocardiography 2003;16(10):1091-1110.<\/p>\n","protected":false},"excerpt":{"rendered":"<p>O que \u00e9 O exame \u00e9 realizado pelo especialista em ecografia vascular. Neste procedimento o m\u00e9dico utiliza um aparelho espec\u00edfico de ultrassonografia para examinar as pernas do paciente, com ele deitado ou em p\u00e9. Como \u00e9 feito O exame \u00e9 realizado pelo especialista em ecografia vascular. Neste procedimento o m\u00e9dico utiliza a sonda de ultrassonografia para examinar as pernas do [&hellip;]<\/p>\n","protected":false},"author":1,"featured_media":0,"parent":9,"menu_order":0,"comment_status":"closed","ping_status":"closed","template":"exame-detalhes.php","meta":[],"_links":{"self":[{"href":"https:\/\/www.cardiodiagnostico.com.br\/index.php\/wp-json\/wp\/v2\/pages\/78"}],"collection":[{"href":"https:\/\/www.cardiodiagnostico.com.br\/index.php\/wp-json\/wp\/v2\/pages"}],"about":[{"href":"https:\/\/www.cardiodiagnostico.com.br\/index.php\/wp-json\/wp\/v2\/types\/page"}],"author":[{"embeddable":true,"href":"https:\/\/www.cardiodiagnostico.com.br\/index.php\/wp-json\/wp\/v2\/users\/1"}],"replies":[{"embeddable":true,"href":"https:\/\/www.cardiodiagnostico.com.br\/index.php\/wp-json\/wp\/v2\/comments?post=78"}],"version-history":[{"count":3,"href":"https:\/\/www.cardiodiagnostico.com.br\/index.php\/wp-json\/wp\/v2\/pages\/78\/revisions"}],"predecessor-version":[{"id":253,"href":"https:\/\/www.cardiodiagnostico.com.br\/index.php\/wp-json\/wp\/v2\/pages\/78\/revisions\/253"}],"up":[{"embeddable":true,"href":"https:\/\/www.cardiodiagnostico.com.br\/index.php\/wp-json\/wp\/v2\/pages\/9"}],"wp:attachment":[{"href":"https:\/\/www.cardiodiagnostico.com.br\/index.php\/wp-json\/wp\/v2\/media?parent=78"}],"curies":[{"name":"wp","href":"https:\/\/api.w.org\/{rel}","templated":true}]}}