{"id":80,"date":"2020-04-16T18:33:14","date_gmt":"2020-04-16T21:33:14","guid":{"rendered":"http:\/\/192.168.25.222\/cardio1\/?page_id=80"},"modified":"2020-04-23T20:52:01","modified_gmt":"2020-04-23T23:52:01","slug":"doppler-colorido-venoso-de-membro-superior","status":"publish","type":"page","link":"https:\/\/www.cardiodiagnostico.com.br\/index.php\/exames-e-preparos\/doppler-colorido-venoso-de-membro-superior\/","title":{"rendered":"Doppler colorido venoso de membro superior"},"content":{"rendered":"\n<p class=\"alert alert-info\"><i class=\"fas fa-info-circle\"><\/i> N\u00e3o h\u00e1 nenhum tipo de preparo para este exame<\/p>\n\n\n\n<h5>O que \u00e9<\/h5>\n\n\n\n<p>O ecodoppler venoso dos membros superiores tem como objetivo pesquisar tromboses profundas e superficiais (tromboflebite).<\/p>\n\n\n\n<h5>Como \u00e9 feito<\/h5>\n\n\n\n<p>O exame \u00e9 realizado pelo especialista em ecografia vascular. Neste procedimento o m\u00e9dico utiliza um aparelho espec\u00edfico de ultrassonografia para examinar os bra\u00e7os do paciente, com o mesmo deitado.<\/p>\n\n\n\n<h5>Indica\u00e7\u00f5es<\/h5>\n\n\n\n<ul class=\"list-unstyled\"><li><i class=\"fas fa-check\"><\/i> Dores nos bra\u00e7os, vermelhid\u00e3o nos trajetos venosos (flebite), edema e formigamento nas m\u00e3os<\/li><li><i class=\"fas fa-check\"><\/i> O ecodoppler venoso \u00e9 indicado na avalia\u00e7\u00e3o para confec\u00e7\u00e3o de f\u00edstulas arteriovenosas para hemodi\u00e1lise<\/li><\/ul>\n\n\n\n<h5>Contraindica\u00e7\u00f5es<\/h5>\n\n\n\n<p>N\u00e3o h\u00e1.<\/p>\n\n\n\n<h5>Limita\u00e7\u00f5es<\/h5>\n\n\n\n<p>N\u00e3o h\u00e1.<\/p>\n\n\n\n<p class=\"has-small-font-size\"><strong>Refer\u00eancias<\/strong><br>1. Diretriz para indica\u00e7\u00f5es e utiliza\u00e7\u00e3o da ecocardiografia na pr\u00e1tica cl\u00ednica. Revista Brasileira de Ecocardiografia 2004;17(1):49-77.<br>2. ACC\/AHA\/ASE 2003 Guideline update for the clinical application of echocardiography: summary article. Journal of the Am Society of Echocardiography 2003;16(10):1091-1110.<\/p>\n","protected":false},"excerpt":{"rendered":"<p>O que \u00e9 O ecodoppler venoso dos membros superiores tem como objetivo pesquisar tromboses profundas e superficiais (tromboflebite). Como \u00e9 feito O exame \u00e9 realizado pelo especialista em ecografia vascular. Neste procedimento o m\u00e9dico utiliza um aparelho espec\u00edfico de ultrassonografia para examinar os bra\u00e7os do paciente, com o mesmo deitado. Indica\u00e7\u00f5es Dores nos bra\u00e7os, vermelhid\u00e3o nos trajetos venosos (flebite), edema [&hellip;]<\/p>\n","protected":false},"author":1,"featured_media":0,"parent":9,"menu_order":0,"comment_status":"closed","ping_status":"closed","template":"exame-detalhes.php","meta":[],"_links":{"self":[{"href":"https:\/\/www.cardiodiagnostico.com.br\/index.php\/wp-json\/wp\/v2\/pages\/80"}],"collection":[{"href":"https:\/\/www.cardiodiagnostico.com.br\/index.php\/wp-json\/wp\/v2\/pages"}],"about":[{"href":"https:\/\/www.cardiodiagnostico.com.br\/index.php\/wp-json\/wp\/v2\/types\/page"}],"author":[{"embeddable":true,"href":"https:\/\/www.cardiodiagnostico.com.br\/index.php\/wp-json\/wp\/v2\/users\/1"}],"replies":[{"embeddable":true,"href":"https:\/\/www.cardiodiagnostico.com.br\/index.php\/wp-json\/wp\/v2\/comments?post=80"}],"version-history":[{"count":2,"href":"https:\/\/www.cardiodiagnostico.com.br\/index.php\/wp-json\/wp\/v2\/pages\/80\/revisions"}],"predecessor-version":[{"id":255,"href":"https:\/\/www.cardiodiagnostico.com.br\/index.php\/wp-json\/wp\/v2\/pages\/80\/revisions\/255"}],"up":[{"embeddable":true,"href":"https:\/\/www.cardiodiagnostico.com.br\/index.php\/wp-json\/wp\/v2\/pages\/9"}],"wp:attachment":[{"href":"https:\/\/www.cardiodiagnostico.com.br\/index.php\/wp-json\/wp\/v2\/media?parent=80"}],"curies":[{"name":"wp","href":"https:\/\/api.w.org\/{rel}","templated":true}]}}