{"id":88,"date":"2020-04-16T18:35:58","date_gmt":"2020-04-16T21:35:58","guid":{"rendered":"http:\/\/192.168.25.222\/cardio1\/?page_id=88"},"modified":"2020-04-23T21:21:04","modified_gmt":"2020-04-24T00:21:04","slug":"us-doppler-de-vasos-cervicais-venosos-subclavias-e-jugulares","status":"publish","type":"page","link":"https:\/\/www.cardiodiagnostico.com.br\/index.php\/exames-e-preparos\/us-doppler-de-vasos-cervicais-venosos-subclavias-e-jugulares\/","title":{"rendered":"US doppler de vasos cervicais venosos (subcl\u00e1vias e jugulares)"},"content":{"rendered":"\n<p class=\"alert alert-info\"><i class=\"fas fa-info-circle\"><\/i> N\u00e3o h\u00e1 nenhum tipo de preparo para este exame<\/p>\n\n\n\n<h5>O que \u00e9<\/h5>\n\n\n\n<p>Possui a fun\u00e7\u00e3o de verificar a perviedade (aus\u00eancia de trombose recente ou antiga) para melhor escolha para a coloca\u00e7\u00e3o de cateteres centrais, tipo para quimioterapia ou hemodi\u00e1lise. Pode-se acompanhar tromboses dessa regi\u00e3o, al\u00e9m de poder informar presen\u00e7a de compress\u00e3o extr\u00ednseca por tumores no mediastino.<\/p>\n\n\n\n<h5>Como \u00e9 feito<\/h5>\n\n\n\n<p>Com o paciente deitado, examina-se a regi\u00e3o do pesco\u00e7o para analisar as veias \u00e0 procura de estreitamentos, placas de aterosclerose e obstru\u00e7\u00f5es, avaliando o fluxo sangu\u00edneo.<\/p>\n\n\n\n<h5>Indica\u00e7\u00f5es<\/h5>\n\n\n\n<ul class=\"list-unstyled\"><li><i class=\"fas fa-check\"><\/i> Realizado para pesquisa e\/ou controle de trombose venosa superficial e\/ou profunda, guiar pun\u00e7\u00e3o venosa<\/li><\/ul>\n\n\n\n<h5>Contraindica\u00e7\u00f5es<\/h5>\n\n\n\n<p>N\u00e3o h\u00e1.<\/p>\n\n\n\n<h5>Limita\u00e7\u00f5es<\/h5>\n\n\n\n<p>Obesidade<\/p>\n\n\n\n<p class=\"has-small-font-size\"><strong>Refer\u00eancias<\/strong><br>1. Diretriz para indica\u00e7\u00f5es e utiliza\u00e7\u00e3o da ecocardiografia na pr\u00e1tica cl\u00ednica. Revista Brasileira de Ecocardiografia 2004;17(1):49-77.<br>2. ACC\/AHA\/ASE 2003 Guideline update for the clinical application of echocardiography: summary article. Journal of the Am Society of Echocardiography 2003;16(10):1091-1110.<\/p>\n","protected":false},"excerpt":{"rendered":"<p>O que \u00e9 Possui a fun\u00e7\u00e3o de verificar a perviedade (aus\u00eancia de trombose recente ou antiga) para melhor escolha para a coloca\u00e7\u00e3o de cateteres centrais, tipo para quimioterapia ou hemodi\u00e1lise. Pode-se acompanhar tromboses dessa regi\u00e3o, al\u00e9m de poder informar presen\u00e7a de compress\u00e3o extr\u00ednseca por tumores no mediastino. Como \u00e9 feito Com o paciente deitado, examina-se a regi\u00e3o do pesco\u00e7o para [&hellip;]<\/p>\n","protected":false},"author":1,"featured_media":0,"parent":9,"menu_order":0,"comment_status":"closed","ping_status":"closed","template":"exame-detalhes.php","meta":[],"_links":{"self":[{"href":"https:\/\/www.cardiodiagnostico.com.br\/index.php\/wp-json\/wp\/v2\/pages\/88"}],"collection":[{"href":"https:\/\/www.cardiodiagnostico.com.br\/index.php\/wp-json\/wp\/v2\/pages"}],"about":[{"href":"https:\/\/www.cardiodiagnostico.com.br\/index.php\/wp-json\/wp\/v2\/types\/page"}],"author":[{"embeddable":true,"href":"https:\/\/www.cardiodiagnostico.com.br\/index.php\/wp-json\/wp\/v2\/users\/1"}],"replies":[{"embeddable":true,"href":"https:\/\/www.cardiodiagnostico.com.br\/index.php\/wp-json\/wp\/v2\/comments?post=88"}],"version-history":[{"count":3,"href":"https:\/\/www.cardiodiagnostico.com.br\/index.php\/wp-json\/wp\/v2\/pages\/88\/revisions"}],"predecessor-version":[{"id":258,"href":"https:\/\/www.cardiodiagnostico.com.br\/index.php\/wp-json\/wp\/v2\/pages\/88\/revisions\/258"}],"up":[{"embeddable":true,"href":"https:\/\/www.cardiodiagnostico.com.br\/index.php\/wp-json\/wp\/v2\/pages\/9"}],"wp:attachment":[{"href":"https:\/\/www.cardiodiagnostico.com.br\/index.php\/wp-json\/wp\/v2\/media?parent=88"}],"curies":[{"name":"wp","href":"https:\/\/api.w.org\/{rel}","templated":true}]}}