{"id":90,"date":"2020-04-16T18:36:28","date_gmt":"2020-04-16T21:36:28","guid":{"rendered":"http:\/\/192.168.25.222\/cardio1\/?page_id=90"},"modified":"2020-04-23T21:50:06","modified_gmt":"2020-04-24T00:50:06","slug":"us-doppler-colorido-de-aorta-e-iliacas","status":"publish","type":"page","link":"https:\/\/www.cardiodiagnostico.com.br\/index.php\/exames-e-preparos\/us-doppler-colorido-de-aorta-e-iliacas\/","title":{"rendered":"US doppler colorido de aorta e il\u00edacas"},"content":{"rendered":"\n<p class=\"alert alert-warning\">\n<i class=\"fas fa-exclamation-triangle\"><\/i> <strong>Preparo<\/strong><br>\n\n<i class=\"fas fa-check\"><\/i> Desde o dia anterior ao exame, tomar <strong>40 gotas de dimeticona de 4 em 4 horas<\/strong><br>\n<i class=\"fas fa-check\"><\/i> Jejum absoluto (inclusive l\u00edquidos) de 8 horas\n<\/p>\n\n\n\n<h5>O que \u00e9<\/h5>\n\n\n\n<p>\u00c9 um exame n\u00e3o invasivo, realizado em um aparelho de ultrassom que permite a avalia\u00e7\u00e3o da Aorta e seus ramos. Tem a finalidade de avaliar doen\u00e7as ateroscler\u00f3ticas, aneurisma, obstru\u00e7\u00f5es, entre outras.<\/p>\n\n\n\n<h5>Como \u00e9 feito<\/h5>\n\n\n\n<p>No exame de aorta e il\u00edacas, o paciente fica deitado com o abdome exposto (\u201cde barriga para cima\u201d). \u00c9 aplicado gel sobre o abdome (para reduzir a interfer\u00eancia), enquanto \u00e9 usado uma sonda de superf\u00edcie.<\/p>\n\n\n\n<h5>Indica\u00e7\u00f5es<\/h5>\n\n\n\n<ul class=\"list-unstyled\"><li><i class=\"fas fa-check\"><\/i> Indicado para detectar estreitamentos das art\u00e9rias (estenoses, oclus\u00f5es) ou dilata\u00e7\u00f5es das art\u00e9rias (aneurismas)<\/li><li><i class=\"fas fa-check\"><\/i> Tanto as estenoses quanto os aneurismas s\u00e3o geralmente indolores, mas possuem alta taxa de mortalidade. Quando s\u00e3o identificados precocemente, diminui-se os riscos de ruptura e emboliza\u00e7\u00e3o (libera\u00e7\u00e3o de co\u00e1gulos)<\/li><li><i class=\"fas fa-check\"><\/i> Para o estudo de dores nas pernas ao caminhar e claudica\u00e7\u00e3o (mancar): dor para caminhar que alivia com o repouso e se repete em dist\u00e2ncias fixas<\/li><li><i class=\"fas fa-check\"><\/i> Controle p\u00f3s-cir\u00fargico de cirurgias da aorta e ramos il\u00edacos (by-pass, stent, aneurismas e recanaliza\u00e7\u00f5es)<\/li><li><i class=\"fas fa-check\"><\/i> Indica-se para avaliar as art\u00e9rias dos ramos viscerais (intestino, f\u00edgado) que podem apresentar alguma obstru\u00e7\u00e3o e consequentemente dores abdominais durante a alimenta\u00e7\u00e3o<\/li><\/ul>\n\n\n\n<h5>Contraindica\u00e7\u00f5es<\/h5>\n\n\n\n<p>N\u00e3o h\u00e1.<\/p>\n\n\n\n<h5>Limita\u00e7\u00f5es<\/h5>\n\n\n\n<ul class=\"list-unstyled\"><li><i class=\"fas fa-exclamation\"><\/i> Obesidade<\/li><li><i class=\"fas fa-exclamation\"><\/i> Abdome volumoso e r\u00edgido<\/li><li><i class=\"fas fa-exclamation\"><\/i> Excesso de gases intestinais<\/li><li><i class=\"fas fa-exclamation\"><\/i> Feridas abdominais abertas, suturas, grampos ou cateteres de di\u00e1lise peritoneal<\/li><\/ul>\n\n\n\n<p class=\"has-small-font-size\"><strong>Refer\u00eancias<\/strong><br>1. Diretriz para indica\u00e7\u00f5es e utiliza\u00e7\u00e3o da ecocardiografia na pr\u00e1tica cl\u00ednica. Revista Brasileira de Ecocardiografia 2004;17(1):49-77.<br>2. ACC\/AHA\/ASE 2003 Guideline update for the clinical application of echocardiography: summary article. Journal of the Am Society of Echocardiography 2003;16(10):1091-1110.<\/p>\n","protected":false},"excerpt":{"rendered":"<p>O que \u00e9 \u00c9 um exame n\u00e3o invasivo, realizado em um aparelho de ultrassom que permite a avalia\u00e7\u00e3o da Aorta e seus ramos. Tem a finalidade de avaliar doen\u00e7as ateroscler\u00f3ticas, aneurisma, obstru\u00e7\u00f5es, entre outras. Como \u00e9 feito No exame de aorta e il\u00edacas, o paciente fica deitado com o abdome exposto (\u201cde barriga para cima\u201d). \u00c9 aplicado gel sobre o [&hellip;]<\/p>\n","protected":false},"author":1,"featured_media":0,"parent":9,"menu_order":0,"comment_status":"closed","ping_status":"closed","template":"exame-detalhes.php","meta":[],"_links":{"self":[{"href":"https:\/\/www.cardiodiagnostico.com.br\/index.php\/wp-json\/wp\/v2\/pages\/90"}],"collection":[{"href":"https:\/\/www.cardiodiagnostico.com.br\/index.php\/wp-json\/wp\/v2\/pages"}],"about":[{"href":"https:\/\/www.cardiodiagnostico.com.br\/index.php\/wp-json\/wp\/v2\/types\/page"}],"author":[{"embeddable":true,"href":"https:\/\/www.cardiodiagnostico.com.br\/index.php\/wp-json\/wp\/v2\/users\/1"}],"replies":[{"embeddable":true,"href":"https:\/\/www.cardiodiagnostico.com.br\/index.php\/wp-json\/wp\/v2\/comments?post=90"}],"version-history":[{"count":3,"href":"https:\/\/www.cardiodiagnostico.com.br\/index.php\/wp-json\/wp\/v2\/pages\/90\/revisions"}],"predecessor-version":[{"id":271,"href":"https:\/\/www.cardiodiagnostico.com.br\/index.php\/wp-json\/wp\/v2\/pages\/90\/revisions\/271"}],"up":[{"embeddable":true,"href":"https:\/\/www.cardiodiagnostico.com.br\/index.php\/wp-json\/wp\/v2\/pages\/9"}],"wp:attachment":[{"href":"https:\/\/www.cardiodiagnostico.com.br\/index.php\/wp-json\/wp\/v2\/media?parent=90"}],"curies":[{"name":"wp","href":"https:\/\/api.w.org\/{rel}","templated":true}]}}