{"id":92,"date":"2020-04-16T18:37:21","date_gmt":"2020-04-16T21:37:21","guid":{"rendered":"http:\/\/192.168.25.222\/cardio1\/?page_id=92"},"modified":"2020-04-23T21:53:36","modified_gmt":"2020-04-24T00:53:36","slug":"us-doppler-colorido-de-arterias-viscerais","status":"publish","type":"page","link":"https:\/\/www.cardiodiagnostico.com.br\/index.php\/exames-e-preparos\/us-doppler-colorido-de-arterias-viscerais\/","title":{"rendered":"US doppler colorido de art\u00e9rias viscerais"},"content":{"rendered":"\n<p class=\"alert alert-warning\">\n<i class=\"fas fa-exclamation-triangle\"><\/i> <strong>Preparo<\/strong><br>\n\n<i class=\"fas fa-check\"><\/i> Desde o dia anterior ao exame, tomar <strong>40 gotas de dimeticona de 4 em 4 horas<\/strong><br>\n<i class=\"fas fa-check\"><\/i> Jejum absoluto (inclusive l\u00edquidos) de 8 horas\n<\/p>\n\n\n\n<h5>O que \u00e9<\/h5>\n\n\n\n<p>\u00c9 um exame de ultra-sonografia bastante utilizado na avalia\u00e7\u00e3o dos vasos sangu\u00edneos e suas doen\u00e7as, indolor e n\u00e3o invasivo. Atinge um alto grau de confiabilidade no diagn\u00f3stico de v\u00e1rias doen\u00e7as vasculares, tais como obstru\u00e7\u00f5es vasculares arteriais dos membros e do c\u00e9rebro, trombose venosa profunda e doen\u00e7as nas art\u00e9rias dos rins.<\/p>\n\n\n\n<h5>Como \u00e9 feito<\/h5>\n\n\n\n<p>O paciente fica deitado em dec\u00fabito dorsal (\u201cde barriga para cima\u201d) com o abdome exposto. \u00c9 aplicado gel sobre o abdome (para reduzir a interfer\u00eancia), enquanto \u00e9 usado uma sonda de superf\u00edcie.<\/p>\n\n\n\n<h5>Indica\u00e7\u00f5es<\/h5>\n\n\n\n<ul class=\"list-unstyled\"><li><i class=\"fas fa-check\"><\/i> Sopros abdominais<\/li><li><i class=\"fas fa-check\"><\/i> Suspeita de aneurisma de vasos viscerais<\/li><li>Suspeita de s\u00edndrome de compress\u00e3o da art\u00e9ria cel\u00edaca<\/li><li><i class=\"fas fa-check\"><\/i> Suspeita de insufici\u00eancia intestinal (angina mesent\u00e9rica &#8211; dor abdominal p\u00f3s-prandial &#8211; ap\u00f3s a alimenta\u00e7\u00e3o)<\/li><li><i class=\"fas fa-check\"><\/i> Avalia\u00e7\u00e3o de enxertos e stents arteriais mesent\u00e9ricos ou do tronco cel\u00edaco e seus ramos<\/li><\/ul>\n\n\n\n<h5>Contraindica\u00e7\u00f5es<\/h5>\n\n\n\n<p>N\u00e3o h\u00e1.<\/p>\n\n\n\n<h5>Limita\u00e7\u00f5es<\/h5>\n\n\n\n<ul class=\"list-unstyled\"><li><i class=\"fas fa-exclamation\"><\/i> Obesidade<\/li><li><i class=\"fas fa-exclamation\"><\/i> Abdome volumoso e r\u00edgido<\/li><li><i class=\"fas fa-exclamation\"><\/i> Excesso de gases intestinais<\/li><li><i class=\"fas fa-exclamation\"><\/i> Feridas abdominais abertas, suturas, grampos ou cateteres de di\u00e1lise peritoneal<\/li><\/ul>\n\n\n\n<p class=\"has-small-font-size\"><strong>Refer\u00eancias<\/strong><br>1. Diretriz para indica\u00e7\u00f5es e utiliza\u00e7\u00e3o da ecocardiografia na pr\u00e1tica cl\u00ednica. Revista Brasileira de Ecocardiografia 2004;17(1):49-77.<br>2. ACC\/AHA\/ASE 2003 Guideline update for the clinical application of echocardiography: summary article. Journal of the Am Society of Echocardiography 2003;16(10):1091-1110.<\/p>\n","protected":false},"excerpt":{"rendered":"<p>O que \u00e9 \u00c9 um exame de ultra-sonografia bastante utilizado na avalia\u00e7\u00e3o dos vasos sangu\u00edneos e suas doen\u00e7as, indolor e n\u00e3o invasivo. Atinge um alto grau de confiabilidade no diagn\u00f3stico de v\u00e1rias doen\u00e7as vasculares, tais como obstru\u00e7\u00f5es vasculares arteriais dos membros e do c\u00e9rebro, trombose venosa profunda e doen\u00e7as nas art\u00e9rias dos rins. Como \u00e9 feito O paciente fica deitado [&hellip;]<\/p>\n","protected":false},"author":1,"featured_media":0,"parent":9,"menu_order":0,"comment_status":"closed","ping_status":"closed","template":"exame-detalhes.php","meta":[],"_links":{"self":[{"href":"https:\/\/www.cardiodiagnostico.com.br\/index.php\/wp-json\/wp\/v2\/pages\/92"}],"collection":[{"href":"https:\/\/www.cardiodiagnostico.com.br\/index.php\/wp-json\/wp\/v2\/pages"}],"about":[{"href":"https:\/\/www.cardiodiagnostico.com.br\/index.php\/wp-json\/wp\/v2\/types\/page"}],"author":[{"embeddable":true,"href":"https:\/\/www.cardiodiagnostico.com.br\/index.php\/wp-json\/wp\/v2\/users\/1"}],"replies":[{"embeddable":true,"href":"https:\/\/www.cardiodiagnostico.com.br\/index.php\/wp-json\/wp\/v2\/comments?post=92"}],"version-history":[{"count":3,"href":"https:\/\/www.cardiodiagnostico.com.br\/index.php\/wp-json\/wp\/v2\/pages\/92\/revisions"}],"predecessor-version":[{"id":274,"href":"https:\/\/www.cardiodiagnostico.com.br\/index.php\/wp-json\/wp\/v2\/pages\/92\/revisions\/274"}],"up":[{"embeddable":true,"href":"https:\/\/www.cardiodiagnostico.com.br\/index.php\/wp-json\/wp\/v2\/pages\/9"}],"wp:attachment":[{"href":"https:\/\/www.cardiodiagnostico.com.br\/index.php\/wp-json\/wp\/v2\/media?parent=92"}],"curies":[{"name":"wp","href":"https:\/\/api.w.org\/{rel}","templated":true}]}}